{"id":327,"date":"2021-09-06T17:18:33","date_gmt":"2021-09-06T15:18:33","guid":{"rendered":"http:\/\/www.santer-gmbh.at\/?page_id=327"},"modified":"2021-09-06T17:20:35","modified_gmt":"2021-09-06T15:20:35","slug":"kontakt-impressum-2","status":"publish","type":"page","link":"https:\/\/www.santer-gmbh.at\/?page_id=327","title":{"rendered":"Kontakt\/Impressum"},"content":{"rendered":"\n<p>Sie suchen eine Mietwohnung oder m\u00f6chten mehr zu unseren Gesch\u00e4ftslokalen oder Coworking erfahren?<\/p>\n\n\n\n<p>Santer GmbH<\/p>\n\n\n\n<p>Ro\u00dfmarkt 37<\/p>\n\n\n\n<p>A-4710 Grieskirchen, \u00d6sterreich<\/p>\n\n\n\n<p>Mobil: +43 (0) 664 355 81 69<\/p>\n\n\n\n<p>Email: office@santer-gmbh.at<\/p>\n\n\n\n<p>UID:&nbsp;ATU68038535<\/p>\n\n\n\n<p>Firmenbuchnummer: FN 399544 s<\/p>\n\n\n\n<p>Unternehmensgegenstand:&nbsp;Verwaltung und Vermietung von Liegenschaftsverm\u00f6gen<\/p>\n","protected":false},"excerpt":{"rendered":"<p>Sie suchen eine Mietwohnung oder m\u00f6chten mehr zu unseren Gesch\u00e4ftslokalen oder Coworking erfahren? Santer GmbH Ro\u00dfmarkt 37 A-4710 Grieskirchen, \u00d6sterreich Mobil: +43 (0) 664 355 81 69 Email: office@santer-gmbh.at UID:&nbsp;ATU68038535 Firmenbuchnummer: FN 399544 s Unternehmensgegenstand:&nbsp;Verwaltung und Vermietung von Liegenschaftsverm\u00f6gen<\/p>\n","protected":false},"author":1,"featured_media":0,"parent":0,"menu_order":0,"comment_status":"closed","ping_status":"closed","template":"","meta":[],"_links":{"self":[{"href":"https:\/\/www.santer-gmbh.at\/index.php?rest_route=\/wp\/v2\/pages\/327"}],"collection":[{"href":"https:\/\/www.santer-gmbh.at\/index.php?rest_route=\/wp\/v2\/pages"}],"about":[{"href":"https:\/\/www.santer-gmbh.at\/index.php?rest_route=\/wp\/v2\/types\/page"}],"author":[{"embeddable":true,"href":"https:\/\/www.santer-gmbh.at\/index.php?rest_route=\/wp\/v2\/users\/1"}],"replies":[{"embeddable":true,"href":"https:\/\/www.santer-gmbh.at\/index.php?rest_route=%2Fwp%2Fv2%2Fcomments&post=327"}],"version-history":[{"count":5,"href":"https:\/\/www.santer-gmbh.at\/index.php?rest_route=\/wp\/v2\/pages\/327\/revisions"}],"predecessor-version":[{"id":334,"href":"https:\/\/www.santer-gmbh.at\/index.php?rest_route=\/wp\/v2\/pages\/327\/revisions\/334"}],"wp:attachment":[{"href":"https:\/\/www.santer-gmbh.at\/index.php?rest_route=%2Fwp%2Fv2%2Fmedia&parent=327"}],"curies":[{"name":"wp","href":"https:\/\/api.w.org\/{rel}","templated":true}]}}