{"id":335,"date":"2021-09-06T17:24:05","date_gmt":"2021-09-06T15:24:05","guid":{"rendered":"http:\/\/www.santer-gmbh.at\/?page_id=335"},"modified":"2024-05-21T23:49:46","modified_gmt":"2024-05-21T21:49:46","slug":"mietwohnungen","status":"publish","type":"page","link":"https:\/\/www.santer-gmbh.at\/?page_id=335","title":{"rendered":"Mietwohnungen"},"content":{"rendered":"\n<p><strong>Aktuell freie Mietwohnungen:<\/strong><\/p>\n\n\n\n<p>Derzeit sind alle unsere Wohnungen vermietet. Gerne nehmen wir Sie auf unsere Warteliste.<\/p>\n\n\n\n<p><strong>Leben am Ro\u00dfmarkt<\/strong><\/p>\n\n\n\n<p>Im Grieskirchner Stadtzentrum entstand 2013-2014 eine neue Wohnoase zum Leben. Traumhafte Wohnungen mit idealen Grundrissen, gro\u00dfz\u00fcgigen Loggien und wundersch\u00f6nen Dachg\u00e4rten. Das Projekt \u201eLeben am Ro\u00dfmarkt\u201c umfasst insgesamt\u00a0<strong>8 Mietwohnungen<\/strong>\u00a0mit 40-72qm zum Genie\u00dfen. Bis inklusive 2023 wurden noch <strong>3 weitere wundersch\u00f6ne Mietwohnungen<\/strong> mit 49-90qm im 1. Stock saniert bzw. neu errichtet.<\/p>\n\n\n<div class=\"wp-block-image\">\n<figure class=\"aligncenter\"><a href=\"https:\/\/www.santer-gmbh.at\/wp-content\/uploads\/2013\/08\/R37-Vogelperspektive.jpg\"><img decoding=\"async\" loading=\"lazy\" width=\"300\" height=\"222\" src=\"https:\/\/www.santer-gmbh.at\/wp-content\/uploads\/2013\/08\/R37-Vogelperspektive-300x222.jpg\" alt=\"Ro\u00dfmarkt 37\" class=\"wp-image-66\" srcset=\"https:\/\/www.santer-gmbh.at\/wp-content\/uploads\/2013\/08\/R37-Vogelperspektive-300x222.jpg 300w, https:\/\/www.santer-gmbh.at\/wp-content\/uploads\/2013\/08\/R37-Vogelperspektive-1024x757.jpg 1024w, https:\/\/www.santer-gmbh.at\/wp-content\/uploads\/2013\/08\/R37-Vogelperspektive.jpg 1893w\" sizes=\"(max-width: 300px) 100vw, 300px\" \/><\/a><\/figure><\/div>\n\n\n<p><strong>Wohnungen<\/strong><\/p>\n\n\n\n<p>Einfach einziehen und loswohnen! Die K\u00fcchen sind geschmackvoll geplant, vom Geschirrsp\u00fcler bis zur Mikrowelle ist alles&nbsp;eingebaut und eine SAT-Anlage ist bereits installiert. Raumhohe Fenster versprechen helle R\u00e4ume und die raffinierte Fu\u00dfbodenheizung schafft ein herrliches Wohnklima. Und am besten jetzt schon passende Gartenm\u00f6bel aussuchen, denn Sonnenanbeter, Grillmeister und Genie\u00dfer aller Art werden ihren pers\u00f6nlichen Dachgarten mit dem unglaublichen Ausblick \u00fcber Grieskirchen lieben. Silvester werden Sie bereits auf Ihrer pers\u00f6nlichen Terrasse feiern!<\/p>\n\n\n<div class=\"wp-block-image\">\n<figure class=\"aligncenter\"><img decoding=\"async\" loading=\"lazy\" width=\"300\" height=\"256\" src=\"https:\/\/www.santer-gmbh.at\/wp-content\/uploads\/2013\/08\/R37-N-300x256.jpg\" alt=\"R37-N\" class=\"wp-image-83\" srcset=\"https:\/\/www.santer-gmbh.at\/wp-content\/uploads\/2013\/08\/R37-N-300x256.jpg 300w, https:\/\/www.santer-gmbh.at\/wp-content\/uploads\/2013\/08\/R37-N-1024x874.jpg 1024w, https:\/\/www.santer-gmbh.at\/wp-content\/uploads\/2013\/08\/R37-N.jpg 1611w\" sizes=\"(max-width: 300px) 100vw, 300px\" \/><\/figure><\/div>\n\n\n<p><a href=\"https:\/\/www.santer-gmbh.at\/wp-content\/uploads\/2013\/08\/R37-N.jpg\"><\/a><\/p>\n\n\n\n<p><strong>Beste Lage<\/strong><\/p>\n\n\n\n<p>Grieskirchen, die \u201eStadt zum Leben\u201c, bietet Lebensqualit\u00e4t auf h\u00f6chstem Niveau. Nahversorger finden sich sowohl im Haus als auch in fu\u00dfl\u00e4ufiger N\u00e4he. Ein hochmodernes Schulzentrum wurde erst k\u00fcrzlich er\u00f6ffnet, Tennis, Fu\u00dfball oder Golf, zahlreiche Sportst\u00e4tten finden sich in der Stadt oder in der n\u00e4heren Umgebung. Ob einen duftenden Kaffee, ein romantisches Candle-Light-Dinner oder leckere Cocktails in einer der stilvollen Bars. Grieskirchen hat f\u00fcr jeden etwas zu bieten. Hier l\u00e4sst es sich leben!<\/p>\n\n\n<div class=\"wp-block-image\">\n<figure class=\"aligncenter\"><img decoding=\"async\" loading=\"lazy\" width=\"300\" height=\"210\" src=\"https:\/\/www.santer-gmbh.at\/wp-content\/uploads\/2013\/08\/R37-NO-300x210.jpg\" alt=\"R37-NO\" class=\"wp-image-69\" srcset=\"https:\/\/www.santer-gmbh.at\/wp-content\/uploads\/2013\/08\/R37-NO-300x210.jpg 300w, https:\/\/www.santer-gmbh.at\/wp-content\/uploads\/2013\/08\/R37-NO-1024x717.jpg 1024w\" sizes=\"(max-width: 300px) 100vw, 300px\" \/><\/figure><\/div>\n\n\n<p><a href=\"https:\/\/www.santer-gmbh.at\/wp-content\/uploads\/2013\/08\/R37-Vogelperspektive.jpg\"><\/a><\/p>\n","protected":false},"excerpt":{"rendered":"<p>Aktuell freie Mietwohnungen: Derzeit sind alle unsere Wohnungen vermietet. Gerne nehmen wir Sie auf unsere Warteliste. Leben am Ro\u00dfmarkt Im Grieskirchner Stadtzentrum entstand 2013-2014 eine neue Wohnoase zum Leben. Traumhafte Wohnungen mit idealen Grundrissen, gro\u00dfz\u00fcgigen Loggien und wundersch\u00f6nen Dachg\u00e4rten. Das Projekt \u201eLeben am Ro\u00dfmarkt\u201c umfasst insgesamt\u00a08 Mietwohnungen\u00a0mit 40-72qm zum Genie\u00dfen. Bis inklusive 2023 wurden noch &hellip; <\/p>\n<p class=\"link-more\"><a href=\"https:\/\/www.santer-gmbh.at\/?page_id=335\" class=\"more-link\"><span class=\"screen-reader-text\">\u201eMietwohnungen\u201c <\/span>weiterlesen<\/a><\/p>\n","protected":false},"author":1,"featured_media":0,"parent":0,"menu_order":0,"comment_status":"closed","ping_status":"closed","template":"","meta":[],"_links":{"self":[{"href":"https:\/\/www.santer-gmbh.at\/index.php?rest_route=\/wp\/v2\/pages\/335"}],"collection":[{"href":"https:\/\/www.santer-gmbh.at\/index.php?rest_route=\/wp\/v2\/pages"}],"about":[{"href":"https:\/\/www.santer-gmbh.at\/index.php?rest_route=\/wp\/v2\/types\/page"}],"author":[{"embeddable":true,"href":"https:\/\/www.santer-gmbh.at\/index.php?rest_route=\/wp\/v2\/users\/1"}],"replies":[{"embeddable":true,"href":"https:\/\/www.santer-gmbh.at\/index.php?rest_route=%2Fwp%2Fv2%2Fcomments&post=335"}],"version-history":[{"count":7,"href":"https:\/\/www.santer-gmbh.at\/index.php?rest_route=\/wp\/v2\/pages\/335\/revisions"}],"predecessor-version":[{"id":419,"href":"https:\/\/www.santer-gmbh.at\/index.php?rest_route=\/wp\/v2\/pages\/335\/revisions\/419"}],"wp:attachment":[{"href":"https:\/\/www.santer-gmbh.at\/index.php?rest_route=%2Fwp%2Fv2%2Fmedia&parent=335"}],"curies":[{"name":"wp","href":"https:\/\/api.w.org\/{rel}","templated":true}]}}